{"id":1319,"date":"2021-11-21T15:14:19","date_gmt":"2021-11-21T15:14:19","guid":{"rendered":"http:\/\/astralluz.com\/index.php\/about\/"},"modified":"2024-09-12T08:59:18","modified_gmt":"2024-09-12T12:59:18","slug":"about","status":"publish","type":"page","link":"https:\/\/astralluz.com\/index.php\/about\/","title":{"rendered":"Sobre m\u00ed"},"content":{"rendered":"\t\t<div data-elementor-type=\"wp-page\" data-elementor-id=\"1319\" class=\"elementor elementor-1319\" data-elementor-post-type=\"page\">\n\t\t\t\t\t\t<section class=\"elementor-section elementor-top-section elementor-element elementor-element-c8ddeb6 elementor-section-height-min-height elementor-section-boxed elementor-section-height-default elementor-section-items-middle\" data-id=\"c8ddeb6\" data-element_type=\"section\" data-e-type=\"section\" data-settings=\"{&quot;background_background&quot;:&quot;classic&quot;}\">\n\t\t\t\t\t\t\t<div class=\"elementor-background-overlay\"><\/div>\n\t\t\t\t\t\t\t<div class=\"elementor-container elementor-column-gap-default\">\n\t\t\t\t\t<div class=\"elementor-column elementor-col-50 elementor-top-column elementor-element elementor-element-6a5337e\" data-id=\"6a5337e\" data-element_type=\"column\" data-e-type=\"column\" data-settings=\"{&quot;background_background&quot;:&quot;classic&quot;}\">\n\t\t\t<div class=\"elementor-widget-wrap elementor-element-populated\">\n\t\t\t\t\t\t<div class=\"elementor-element elementor-element-feefb6c elementor-widget elementor-widget-heading\" data-id=\"feefb6c\" data-element_type=\"widget\" data-e-type=\"widget\" data-widget_type=\"heading.default\">\n\t\t\t\t<div class=\"elementor-widget-container\">\n\t\t\t\t\t<h1 class=\"elementor-heading-title elementor-size-default\">Sobre m\u00ed<\/h1>\t\t\t\t<\/div>\n\t\t\t\t<\/div>\n\t\t\t\t<div class=\"elementor-element elementor-element-9cd8f3a elementor-widget elementor-widget-text-editor\" data-id=\"9cd8f3a\" data-element_type=\"widget\" data-e-type=\"widget\" data-widget_type=\"text-editor.default\">\n\t\t\t\t<div class=\"elementor-widget-container\">\n\t\t\t\t\t\t\t\t\t<p style=\"text-align: left;\">Soy Soraya del Rosario Gonz\u00e1lez, M\u00e9dico, con estudios de Postgrado en el \u00e1rea de Medicina Interna, Ocupacional y Doctora en Ciencias Sociales, Menci\u00f3n Salud y Sociedad. Ejerciendo en el \u00e1rea hospitalaria y como Profesora Titular Universitaria desde hace m\u00e1s de treinta a\u00f1os aproximadamente, integre mis conocimientos sobre la salud desde la perspectiva tanto occidental como oriental. Me form\u00e9 en las \u00e1reas de las leyes universales, m\u00e9todos alternativos de sanaci\u00f3n y medicina cu\u00e1ntica. Por otro lado, particip\u00e9 en entrenamientos con Deepack Chopra y Maestros Filipinos, relacionados con la bioenerg\u00e9tica, meditaci\u00f3n, cromoterapia, aromaterapia, cristaloterapia, entre otras t\u00e9cnicas. Toda esa experiencia me llevo a desarrollar mi propia t\u00e9cnica de sanaci\u00f3n, a la cual llamo Terapia Astral, que utiliza conocimientos integrados de medicina occidental y las llamadas t\u00e9cnicas complementarias o alternativas orientales.<\/p>\t\t\t\t\t\t\t\t<\/div>\n\t\t\t\t<\/div>\n\t\t\t\t<div class=\"elementor-element elementor-element-9ae837a elementor-widget elementor-widget-text-editor\" data-id=\"9ae837a\" data-element_type=\"widget\" data-e-type=\"widget\" data-widget_type=\"text-editor.default\">\n\t\t\t\t<div class=\"elementor-widget-container\">\n\t\t\t\t\t\t\t\t\t<p style=\"text-align: left;\">Con la Terapia Astral he tenido la oportunidad de brindar ayuda efectiva m\u00e1s all\u00e1 del plano f\u00edsico y esto, solo fue posible viviendo y expres\u00e1ndome a trav\u00e9s del Ser. Requisito indispensable para desarrollar mis capacidades intuitivas, adem\u00e1s, de un incremento espiritual, que va de la mano con el potencial divino, consiguiendo plenitud existencial, que se manifiesta en salud y bienestar, esto es determinante para adquirir y aumentar la capacidad de ayudar a sanar. Aunado a lo anterior, el compromiso de cada persona en el cambio que desea manifestar.<\/p>\t\t\t\t\t\t\t\t<\/div>\n\t\t\t\t<\/div>\n\t\t\t\t<div class=\"elementor-element elementor-element-4d99cd1 elementor-widget elementor-widget-text-editor\" data-id=\"4d99cd1\" data-element_type=\"widget\" data-e-type=\"widget\" data-widget_type=\"text-editor.default\">\n\t\t\t\t<div class=\"elementor-widget-container\">\n\t\t\t\t\t\t\t\t\t<p style=\"text-align: left;\">Fue un proceso a transitar hasta el d\u00eda de hoy y estoy segura que continuar\u00e1, pero sin duda, todo inici\u00f3 en el momento en que cambie la perspectiva de la visi\u00f3n de salud, entendiendo que la misma no es solo la ausencia de una enfermedad sino VIVIR EN PLENITUD.\u00a0 Mi compromiso, es ayudarte a que seas un ser humano m\u00e1s completo, equilibrado y saludable, capaz de identificar tu verdadera esencia y desde all\u00ed, replantearte tu relaci\u00f3n con la vida, las personas, contigo mismo y el resto del mundo. Si sientes que tu vida no es plena, que no avanzas en la direcci\u00f3n que quieres, te invito a que inicies este cambio, y me permitas acompa\u00f1arte y ayudarte en el proceso.<\/p>\t\t\t\t\t\t\t\t<\/div>\n\t\t\t\t<\/div>\n\t\t\t\t\t<\/div>\n\t\t<\/div>\n\t\t\t\t<div class=\"elementor-column elementor-col-50 elementor-top-column elementor-element elementor-element-42a4fde\" data-id=\"42a4fde\" data-element_type=\"column\" data-e-type=\"column\">\n\t\t\t<div class=\"elementor-widget-wrap elementor-element-populated\">\n\t\t\t\t\t\t<div class=\"elementor-element elementor-element-2ca7bbf elementor-widget elementor-widget-image\" data-id=\"2ca7bbf\" data-element_type=\"widget\" data-e-type=\"widget\" data-widget_type=\"image.default\">\n\t\t\t\t<div class=\"elementor-widget-container\">\n\t\t\t\t\t\t\t\t\t\t\t\t\t\t\t<img fetchpriority=\"high\" decoding=\"async\" width=\"360\" height=\"648\" src=\"https:\/\/astralluz.com\/wp-content\/uploads\/2022\/08\/photo1661380294-e1661380380660.jpeg\" class=\"attachment-large size-large wp-image-1712\" alt=\"\" srcset=\"https:\/\/astralluz.com\/wp-content\/uploads\/2022\/08\/photo1661380294-e1661380380660.jpeg 360w, https:\/\/astralluz.com\/wp-content\/uploads\/2022\/08\/photo1661380294-e1661380380660-150x270.jpeg 150w, https:\/\/astralluz.com\/wp-content\/uploads\/2022\/08\/photo1661380294-e1661380380660-300x540.jpeg 300w, https:\/\/astralluz.com\/wp-content\/uploads\/2022\/08\/photo1661380294-e1661380380660-167x300.jpeg 167w\" sizes=\"(max-width: 360px) 100vw, 360px\" \/>\t\t\t\t\t\t\t\t\t\t\t\t\t\t\t<\/div>\n\t\t\t\t<\/div>\n\t\t\t\t\t<\/div>\n\t\t<\/div>\n\t\t\t\t\t<\/div>\n\t\t<\/section>\n\t\t\t\t<\/div>\n\t\t","protected":false},"excerpt":{"rendered":"<p>Sobre m\u00ed Soy Soraya del Rosario Gonz\u00e1lez, M\u00e9dico, con estudios de Postgrado en el \u00e1rea de Medicina Interna, Ocupacional y Doctora en Ciencias Sociales, Menci\u00f3n Salud y Sociedad. Ejerciendo en el \u00e1rea hospitalaria y como Profesora Titular Universitaria desde hace m\u00e1s de treinta a\u00f1os aproximadamente, integre mis conocimientos sobre la salud desde la perspectiva tanto [&hellip;]<\/p>\n","protected":false},"author":1,"featured_media":0,"parent":0,"menu_order":0,"comment_status":"closed","ping_status":"closed","template":"","meta":{"_monsterinsights_skip_tracking":false,"_monsterinsights_sitenote_active":false,"_monsterinsights_sitenote_note":"","_monsterinsights_sitenote_category":0,"site-sidebar-layout":"no-sidebar","site-content-layout":"page-builder","ast-site-content-layout":"full-width-container","site-content-style":"unboxed","site-sidebar-style":"unboxed","ast-global-header-display":"","ast-banner-title-visibility":"","ast-main-header-display":"","ast-hfb-above-header-display":"","ast-hfb-below-header-display":"","ast-hfb-mobile-header-display":"","site-post-title":"disabled","ast-breadcrumbs-content":"","ast-featured-img":"disabled","footer-sml-layout":"","ast-disable-related-posts":"","theme-transparent-header-meta":"enabled","adv-header-id-meta":"","stick-header-meta":"","header-above-stick-meta":"","header-main-stick-meta":"","header-below-stick-meta":"","astra-migrate-meta-layouts":"set","ast-page-background-enabled":"default","ast-page-background-meta":{"desktop":{"background-color":"var(--ast-global-color-4)","background-image":"","background-repeat":"repeat","background-position":"center center","background-size":"auto","background-attachment":"scroll","background-type":"","background-media":"","overlay-type":"","overlay-color":"","overlay-opacity":"","overlay-gradient":""},"tablet":{"background-color":"","background-image":"","background-repeat":"repeat","background-position":"center center","background-size":"auto","background-attachment":"scroll","background-type":"","background-media":"","overlay-type":"","overlay-color":"","overlay-opacity":"","overlay-gradient":""},"mobile":{"background-color":"","background-image":"","background-repeat":"repeat","background-position":"center center","background-size":"auto","background-attachment":"scroll","background-type":"","background-media":"","overlay-type":"","overlay-color":"","overlay-opacity":"","overlay-gradient":""}},"ast-content-background-meta":{"desktop":{"background-color":"var(--ast-global-color-5)","background-image":"","background-repeat":"repeat","background-position":"center center","background-size":"auto","background-attachment":"scroll","background-type":"","background-media":"","overlay-type":"","overlay-color":"","overlay-opacity":"","overlay-gradient":""},"tablet":{"background-color":"var(--ast-global-color-5)","background-image":"","background-repeat":"repeat","background-position":"center center","background-size":"auto","background-attachment":"scroll","background-type":"","background-media":"","overlay-type":"","overlay-color":"","overlay-opacity":"","overlay-gradient":""},"mobile":{"background-color":"var(--ast-global-color-5)","background-image":"","background-repeat":"repeat","background-position":"center center","background-size":"auto","background-attachment":"scroll","background-type":"","background-media":"","overlay-type":"","overlay-color":"","overlay-opacity":"","overlay-gradient":""}},"footnotes":""},"class_list":["post-1319","page","type-page","status-publish","hentry"],"_links":{"self":[{"href":"https:\/\/astralluz.com\/index.php\/wp-json\/wp\/v2\/pages\/1319","targetHints":{"allow":["GET"]}}],"collection":[{"href":"https:\/\/astralluz.com\/index.php\/wp-json\/wp\/v2\/pages"}],"about":[{"href":"https:\/\/astralluz.com\/index.php\/wp-json\/wp\/v2\/types\/page"}],"author":[{"embeddable":true,"href":"https:\/\/astralluz.com\/index.php\/wp-json\/wp\/v2\/users\/1"}],"replies":[{"embeddable":true,"href":"https:\/\/astralluz.com\/index.php\/wp-json\/wp\/v2\/comments?post=1319"}],"version-history":[{"count":54,"href":"https:\/\/astralluz.com\/index.php\/wp-json\/wp\/v2\/pages\/1319\/revisions"}],"predecessor-version":[{"id":3523,"href":"https:\/\/astralluz.com\/index.php\/wp-json\/wp\/v2\/pages\/1319\/revisions\/3523"}],"wp:attachment":[{"href":"https:\/\/astralluz.com\/index.php\/wp-json\/wp\/v2\/media?parent=1319"}],"curies":[{"name":"wp","href":"https:\/\/api.w.org\/{rel}","templated":true}]}}